{"id":30,"date":"2018-01-11T18:15:44","date_gmt":"2018-01-11T18:15:44","guid":{"rendered":"http:\/\/wordpress.isselburg21.de\/?page_id=30"},"modified":"2018-01-11T21:07:45","modified_gmt":"2018-01-11T21:07:45","slug":"auskiesung","status":"publish","type":"page","link":"https:\/\/isselburg21.de\/?page_id=30","title":{"rendered":"Auskiesung"},"content":{"rendered":"<p>Seit unserer Vereinsgr\u00fcndung sprechen wir uns deutlich gegen die Auskiesungsfl\u00e4chen im Stadtgebiet von Isselburg aus. Das Kieswerk in Werth ist seit Jahren in Betrieb und ist immer wieder vergr\u00f6\u00dfert worden. Das Kieswerk Breels wurde 2013 er\u00f6ffnet und aktuell wartet der Betreiber auf die Genehmigung einer Erweiterung.<\/p>\n<p>Die B\u00fcrgerinitiative Isselburg21 e.V. spricht sich ganz klar gegen die geplante Erweiterung der Auskiesungsfl\u00e4che Breels auf 75 ha aus. Gleichzeitig sprechen wir uns auch gegen m\u00f6gliche weitere Auskiesungsma\u00dfnahmen aus. Unsere Gr\u00fcnde hierf\u00fcr sind:<\/p>\n<p>&#8211; Zu gro\u00df\/Abbaumenge \u00fcberschreitet den regionalen Bedarf<br \/>\n&#8211; Verschlechterung der Grundwasserqualit\u00e4t<br \/>\n&#8211; \u201cFl\u00e4chenfra\u00df\u201d vernichtet landwirtschaftliche Fl\u00e4chen f\u00fcr immer<br \/>\n&#8211; Zerst\u00f6rung der Natur<br \/>\n&#8211; L\u00e4rm und Staub<br \/>\n&#8211; Erh\u00f6htes Verkehrsaufkommen\/Schwerlastverkehr, dadurch Gefahr f\u00fcr schwache Verkehrsteilnehmer<br \/>\n&#8211; Klimaver\u00e4nderung in Natur und Gesellschaft<br \/>\n&#8211; Entwertung der H\u00e4user und Grundst\u00fccke rund um die Auskiesungsfl\u00e4che<br \/>\n&#8211; Verteuerung von Pachtpreisen und kommunalen Ausgleichsfl\u00e4chen<\/p>\n<p>Am 16.12.2013 hat der Reginalrat einen neuen Regionalplan verabschiedet, damit waren die bereits geplanten 120 ha vom Tisch, es wurde damit jedoch eine Erweiterung um 28 ha erm\u00f6glicht.<\/p>\n<h3>Der Verein Eden e.V. aus Rees k\u00e4mpft schon lange mit den Folgen der Auskiesung und hat ein interessantes Video zu diesem Thema zur Verf\u00fcgung gestellt. 4:28 Minuten die sich lohnen &#8211; erschreckende Erkenntnisse.<\/h3>\n<p><span class=\"embed-youtube\" style=\"text-align:center; display: block;\"><iframe loading=\"lazy\" class=\"youtube-player\" width=\"800\" height=\"450\" src=\"https:\/\/www.youtube.com\/embed\/ie2gaZ2y-h4?version=3&#038;rel=1&#038;showsearch=0&#038;showinfo=1&#038;iv_load_policy=1&#038;fs=1&#038;hl=de-DE&#038;autohide=2&#038;wmode=transparent\" allowfullscreen=\"true\" style=\"border:0;\" sandbox=\"allow-scripts allow-same-origin allow-popups allow-presentation\"><\/iframe><\/span><\/p>\n<h3><b>Welche Auswirkungen hat die Auskiesung oder deren Erweiterung?<\/b><\/h3>\n<p><b>\u00d6kologische Auswirkungen:<\/b><br \/>\n&#8211; Fl\u00e4chen f\u00fcr bodenbr\u00fctende V\u00f6gel (z.B. Kiebitze) gehen unwiederbringlich verloren.<br \/>\n&#8211; Im dem Gebiet leben mehrere bedrohte Amphibien-Arten.<br \/>\n&#8211; Alte, sch\u00fctzenswerte B\u00e4ume und Hecken m\u00fcssen weichen.<br \/>\n&#8211; Der Grundwasserspiegel wird ver\u00e4ndert.<br \/>\n&#8211; Die Qualit\u00e4t des Grundwassers nimmt ab. Auf der Fl\u00e4che entf\u00e4llt die Filterwirkung der Erd- und Kies-<br \/>\nschichten..<br \/>\n&#8211; Sehr viel Grundwasser verdunstet.<br \/>\n&#8211; Das immense Verkehrsaufkommen setzt Ru\u00dfpartikel und CO2 frei.<\/p>\n<p><b>Geologische Auswirkungen:<\/b><br \/>\n&#8211; Es entsteht ein Gew\u00e4sser mit einer Tiefe von fast 30 Metern.<br \/>\n&#8211; Die vorhandenen Bodensch\u00e4tze werden komplett entnommen.<br \/>\n&#8211; Eine Verf\u00fcllung ist sp\u00e4ter nicht mehr m\u00f6glich.<br \/>\n&#8211; Fruchtbarer Boden verschwindet f\u00fcr immer.<\/p>\n<p><b>Verkehrstechnische Auswirkungen:<\/b><br \/>\n&#8211; Hohes Verkehrsaufkommen von bis zu 200 LKW pro Tag, die jeweils 40 Tonnen Gesamtgewicht haben.<br \/>\nDa diese zum Kieswerk und zur\u00fcck fahren m\u00fcssen sprechen wir also \u00fcber bis zu 400 Fahrten der LKW<br \/>\npro Tag.<br \/>\n&#8211; Gefahrenpunkte beim Einf\u00fcgen in den Verkehr.<br \/>\n&#8211; Der Kreisverkehr \u201cLinders Feld\u201d ist f\u00fcr ein derartiges Verkehrsaufkommen wahrscheinlich nicht geeignet.<br \/>\n&#8211; Die Landstra\u00dfe L606 zwischen dem Kreisverkehr \u201cLinders Feld\u201d und Br\u00fcggenh\u00fctte hat heute schon viele<br \/>\nSch\u00e4den. Der Zerfall der Stra\u00dfe wird beschleunigt. Das gleiche gilt f\u00fcr die L468 in Richtung Autobahn.<br \/>\n&#8211; Transporte durch Ortschaften sind f\u00fcr die Anwohner hochgradig belastend.<br \/>\n&#8211; Lastwagenaufkommen hat Auswirkungen auf die \u00f6rtliche Gastronomie, besonders im Sommer f\u00fcr die<br \/>\nAu\u00dfengastronomie.<\/p>\n<p><b>St\u00e4dtebauliche Auswirkungen:<\/b><br \/>\n&#8211; Die Fl\u00e4che geht f\u00fcr die Landwirtschaft f\u00fcr immer verloren.<br \/>\n&#8211; Die Verknappung der Fl\u00e4che erh\u00f6ht die Pachten und Grundst\u00fcckspreise.<br \/>\n&#8211; Eine anderweitige Nutzung des Gel\u00e4ndes ist niemals m\u00f6glich.<br \/>\n&#8211; Die Kieswerke in Werth und der Breels sind wahrscheinlich erst der Anfang.<br \/>\n&#8211; Die weitere Nutzung nach der Ausgrabung ist v\u00f6llig offen.<\/p>\n<p><b>Sonstige Auswirkungen:<\/b><br \/>\n&#8211; Isselburg k\u00f6nnte komplett als Auskiesung erschlossen werden, \u00fcberall liegt Kies.<br \/>\n&#8211; Es fehlt ein Nachhaltigkeitskonzept. Generationengerechtigkeit?<br \/>\n&#8211; Die Ausweitung der Auskiesung in Verbindung mit der geplanten 380 KV-Freileitung ist das Ende des<br \/>\nTourismus in Isselburg und Umgebung.<br \/>\n&#8211; Wertverlust der Grundst\u00fccke und Immobilien in den Bereichen Breels, Hahnerfeld, Herzebocholt.<\/p>\n<p>&nbsp;<\/p>\n<h3><strong>Fakten zum Kiesabbau<\/strong><\/h3>\n<p>In der \u00d6ffentlichkeit wird immer wieder \u00fcber Fakten diskutiert, wir wollen hier einige Dinge richtig stellen:<br \/>\n<img loading=\"lazy\" decoding=\"async\" data-attachment-id=\"103\" data-permalink=\"https:\/\/isselburg21.de\/?attachment_id=103\" data-orig-file=\"https:\/\/i0.wp.com\/isselburg21.de\/wp-content\/uploads\/2018\/01\/Falsch-Richtig.jpg?fit=701%2C257&amp;ssl=1\" data-orig-size=\"701,257\" data-comments-opened=\"1\" data-image-meta=\"{&quot;aperture&quot;:&quot;0&quot;,&quot;credit&quot;:&quot;&quot;,&quot;camera&quot;:&quot;&quot;,&quot;caption&quot;:&quot;&quot;,&quot;created_timestamp&quot;:&quot;0&quot;,&quot;copyright&quot;:&quot;&quot;,&quot;focal_length&quot;:&quot;0&quot;,&quot;iso&quot;:&quot;0&quot;,&quot;shutter_speed&quot;:&quot;0&quot;,&quot;title&quot;:&quot;&quot;,&quot;orientation&quot;:&quot;1&quot;}\" data-image-title=\"Falsch Richtig\" data-image-description=\"\" data-image-caption=\"\" data-medium-file=\"https:\/\/i0.wp.com\/isselburg21.de\/wp-content\/uploads\/2018\/01\/Falsch-Richtig.jpg?fit=300%2C110&amp;ssl=1\" data-large-file=\"https:\/\/i0.wp.com\/isselburg21.de\/wp-content\/uploads\/2018\/01\/Falsch-Richtig.jpg?fit=701%2C257&amp;ssl=1\" class=\"alignnone size-full wp-image-103\" src=\"https:\/\/i0.wp.com\/wordpress.isselburg21.de\/wp-content\/uploads\/2018\/01\/Falsch-Richtig.jpg?resize=701%2C257\" alt=\"\" width=\"701\" height=\"257\" srcset=\"https:\/\/i0.wp.com\/isselburg21.de\/wp-content\/uploads\/2018\/01\/Falsch-Richtig.jpg?w=701&amp;ssl=1 701w, https:\/\/i0.wp.com\/isselburg21.de\/wp-content\/uploads\/2018\/01\/Falsch-Richtig.jpg?resize=300%2C110&amp;ssl=1 300w\" sizes=\"(max-width: 701px) 100vw, 701px\" data-recalc-dims=\"1\" \/><\/p>\n<p>&nbsp;<\/p>\n<p>Kiesform \/ Isselburger Signal<\/p>\n<p>Am 21.03.2013 hat das Interregionale B\u00fcrgerforum zum Kiesabbau im PZ der Verbundschule Isselburg stattgefunden. Organisiert wurde diese sehr informative Veranstaltung von den B\u00fcrgerinitiativen EDEN e.V., BI Dinxperwick e.V. und von Isselburg21 e.V..<br \/>\nNach 9 sehr interessanten Vortr\u00e4gen, die alle in ausf\u00fchrlicher Form in einem Buch ver\u00f6ffentlicht (ISBN-Nr. 978 3 894329198) wurden, haben die beteiligten B\u00fcrgerinitiativen das Isselburger-Signal verlesen. Dieses ist auf der Internetseite\u00a0<a href=\"http:\/\/www.isselburger-signal.de\/\">www.isselburger-signal.de<\/a>\u00a0zu finden.<\/p>\n<p>Das Isselburger Signal hat Auswirkungen, die weit \u00fcber die Grenzen der Stadt hinaus gingen. Auch in D\u00fcsseldorf und bei den Entscheidungstr\u00e4gern des Regionalrat wurde das Signal aufgenommen, denn dadurch wurde eine neue Auskiesungsfl\u00e4che in Suderwick vollst\u00e4ndig abgewiesen. In Isselburg kam es dadurch nur zu einer Ausweitung von rund 26 ha.<\/p>\n<p><img loading=\"lazy\" decoding=\"async\" data-attachment-id=\"104\" data-permalink=\"https:\/\/isselburg21.de\/?attachment_id=104\" data-orig-file=\"https:\/\/i0.wp.com\/isselburg21.de\/wp-content\/uploads\/2018\/01\/Buch.jpg?fit=446%2C576&amp;ssl=1\" data-orig-size=\"446,576\" data-comments-opened=\"1\" data-image-meta=\"{&quot;aperture&quot;:&quot;0&quot;,&quot;credit&quot;:&quot;&quot;,&quot;camera&quot;:&quot;&quot;,&quot;caption&quot;:&quot;&quot;,&quot;created_timestamp&quot;:&quot;0&quot;,&quot;copyright&quot;:&quot;&quot;,&quot;focal_length&quot;:&quot;0&quot;,&quot;iso&quot;:&quot;0&quot;,&quot;shutter_speed&quot;:&quot;0&quot;,&quot;title&quot;:&quot;&quot;,&quot;orientation&quot;:&quot;1&quot;}\" data-image-title=\"Buch\" data-image-description=\"\" data-image-caption=\"\" data-medium-file=\"https:\/\/i0.wp.com\/isselburg21.de\/wp-content\/uploads\/2018\/01\/Buch.jpg?fit=232%2C300&amp;ssl=1\" data-large-file=\"https:\/\/i0.wp.com\/isselburg21.de\/wp-content\/uploads\/2018\/01\/Buch.jpg?fit=446%2C576&amp;ssl=1\" class=\"alignnone size-full wp-image-104\" src=\"https:\/\/i0.wp.com\/wordpress.isselburg21.de\/wp-content\/uploads\/2018\/01\/Buch.jpg?resize=446%2C576\" alt=\"\" width=\"446\" height=\"576\" srcset=\"https:\/\/i0.wp.com\/isselburg21.de\/wp-content\/uploads\/2018\/01\/Buch.jpg?w=446&amp;ssl=1 446w, https:\/\/i0.wp.com\/isselburg21.de\/wp-content\/uploads\/2018\/01\/Buch.jpg?resize=232%2C300&amp;ssl=1 232w\" sizes=\"(max-width: 446px) 100vw, 446px\" data-recalc-dims=\"1\" \/><\/p>\n","protected":false},"excerpt":{"rendered":"<p>Seit unserer Vereinsgr\u00fcndung sprechen wir uns deutlich gegen die Auskiesungsfl\u00e4chen im Stadtgebiet von Isselburg aus. Das Kieswerk in Werth ist<\/p>\n","protected":false},"author":1,"featured_media":0,"parent":0,"menu_order":0,"comment_status":"closed","ping_status":"closed","template":"","meta":{"advanced_seo_description":"","jetpack_seo_html_title":"","jetpack_seo_noindex":false,"jetpack_post_was_ever_published":false,"footnotes":""},"class_list":["post-30","page","type-page","status-publish","hentry"],"jetpack_sharing_enabled":true,"jetpack_shortlink":"https:\/\/wp.me\/P9yksG-u","jetpack_likes_enabled":true,"jetpack-related-posts":[{"id":32,"url":"https:\/\/isselburg21.de\/?page_id=32","url_meta":{"origin":30,"position":0},"title":"\u00dcber uns","date":"11. Januar 2018","format":false,"excerpt":"Isselburg21 e.V. F\u00fcr ein lebenswertes Isselburg! F\u00fcr eine liebenswerte Region! Die B\u00fcrgerinitiative Isselburg21 e.V. wurde offiziell am 19.04.2012 gegr\u00fcndet. An der Gr\u00fcndungsversammlung in der Gastst\u00e4tte \u201eBr\u00fcggenh\u00fctte\u201c nahmen rund 130 interessierte B\u00fcrgerinnen und B\u00fcrger teil. Isselburg21 ist eine B\u00fcrgerinitiative, die sich aus der Gesellschaft entwickelt hat und deren Mitglieder unterschiedlicher kaum\u2026","rel":"","context":"\u00c4hnlicher Beitrag","img":{"alt_text":"","src":"","width":0,"height":0},"classes":[]},{"id":31,"url":"https:\/\/isselburg21.de\/?page_id=31","url_meta":{"origin":30,"position":1},"title":"Fracking","date":"11. Januar 2018","format":false,"excerpt":"Fracking - Was ist das? Die Initiative Gegen-Gasbohren.de schreibt folgendes zum Thema Fracking: \u201cDie Erdgassuche in Deutschland ist mit Risiken f\u00fcr Mensch und Natur verbunden!\u20ac\u00a6 Die\u00a0Kontaminierung von Grund- und Trinkwasser,\u00a0brennende Wasserh\u00e4hne, Luftverschmutzung, ungekl\u00e4rte Entsorgung von Abf\u00e4llen, Erdbeben und\u00a0 Bergsch\u00e4den sowie eine zunehmende Industrialisierung von Landschaften wird weltweit mit dem Ausbau\u2026","rel":"","context":"\u00c4hnlicher Beitrag","img":{"alt_text":"","src":"https:\/\/i0.wp.com\/wordpress.isselburg21.de\/wp-content\/uploads\/2016\/11\/fracking-ia.jpg?resize=350%2C200","width":350,"height":200},"classes":[]},{"id":29,"url":"https:\/\/isselburg21.de\/?page_id=29","url_meta":{"origin":30,"position":2},"title":"380 KV","date":"11. Januar 2018","format":false,"excerpt":"Was spricht gegen eine 380 KV Freileitung? Die Unternehmen Amprion und Tennet bauen aktuell eine Stromautobahn \/ 380 KV Freileitung mit rund 55 Meter hohen Masten. Aus der Sicht der beteiligten B\u00fcrger sprachen im Raumordnungs- und Planfeststellungsverfahren viele Gr\u00fcnde gegen die geplante Freileitung. Diese Gr\u00fcnde haben die B\u00fcrger in D\u2026","rel":"","context":"\u00c4hnlicher Beitrag","img":{"alt_text":"","src":"","width":0,"height":0},"classes":[]},{"id":89,"url":"https:\/\/isselburg21.de\/?page_id=89","url_meta":{"origin":30,"position":3},"title":"Impressum","date":"11. Januar 2018","format":false,"excerpt":"Impressum\/Kontakt: B\u00fcrgerinitiative Isselburg21 e.V. Vorsitzender: Reinhold K\u00fchne, Hahnerfeld 9, 46419 Isselburg-Anholt Ansprechpartner f\u00fcr die webseite: Detlev Alstede, Hahnerfeld 1c, 46419 Isselburg-Anholt email: info(at)isselburg21.de www.isselburg21.de Haftung f\u00fcr Inhalte Die Inhalte unserer Seiten wurden mit gr\u00f6\u00dfter Sorgfalt erstellt.\u00a0 F\u00fcr die Richtigkeit, Vollst\u00e4ndigkeit und Aktualit\u00e4t der Inhalte\u00a0 k\u00f6nnen wir jedoch keine Gew\u00e4hr \u00fcbernehmen.\u2026","rel":"","context":"\u00c4hnlicher Beitrag","img":{"alt_text":"","src":"","width":0,"height":0},"classes":[]}],"_links":{"self":[{"href":"https:\/\/isselburg21.de\/index.php?rest_route=\/wp\/v2\/pages\/30"}],"collection":[{"href":"https:\/\/isselburg21.de\/index.php?rest_route=\/wp\/v2\/pages"}],"about":[{"href":"https:\/\/isselburg21.de\/index.php?rest_route=\/wp\/v2\/types\/page"}],"author":[{"embeddable":true,"href":"https:\/\/isselburg21.de\/index.php?rest_route=\/wp\/v2\/users\/1"}],"replies":[{"embeddable":true,"href":"https:\/\/isselburg21.de\/index.php?rest_route=%2Fwp%2Fv2%2Fcomments&post=30"}],"version-history":[{"count":3,"href":"https:\/\/isselburg21.de\/index.php?rest_route=\/wp\/v2\/pages\/30\/revisions"}],"predecessor-version":[{"id":105,"href":"https:\/\/isselburg21.de\/index.php?rest_route=\/wp\/v2\/pages\/30\/revisions\/105"}],"wp:attachment":[{"href":"https:\/\/isselburg21.de\/index.php?rest_route=%2Fwp%2Fv2%2Fmedia&parent=30"}],"curies":[{"name":"wp","href":"https:\/\/api.w.org\/{rel}","templated":true}]}}