{"id":32,"date":"2018-01-11T18:15:44","date_gmt":"2018-01-11T18:15:44","guid":{"rendered":"http:\/\/wordpress.isselburg21.de\/?page_id=32"},"modified":"2018-01-11T18:36:12","modified_gmt":"2018-01-11T18:36:12","slug":"ueber-uns","status":"publish","type":"page","link":"https:\/\/isselburg21.de\/?page_id=32","title":{"rendered":"\u00dcber uns"},"content":{"rendered":"<p><strong>Isselburg21 e.V.<\/strong><br \/>\n<strong>F\u00fcr ein lebenswertes Isselburg! F\u00fcr eine liebenswerte Region!<\/strong><\/p>\n<p>Die B\u00fcrgerinitiative Isselburg21 e.V. wurde offiziell am 19.04.2012 gegr\u00fcndet. An der Gr\u00fcndungsversammlung in der Gastst\u00e4tte \u201eBr\u00fcggenh\u00fctte\u201c nahmen rund 130 interessierte B\u00fcrgerinnen und B\u00fcrger teil. Isselburg21 ist eine B\u00fcrgerinitiative, die sich aus der Gesellschaft entwickelt hat und deren Mitglieder unterschiedlicher kaum sein k\u00f6nnen. In unserer B\u00fcrgerinitiative sind Arbeitnehmer und Arbeitgeber, Sch\u00fcler und Rentner, Landwirte und Natursch\u00fctzer, Arbeiter und Akademiker\u2026 Doch sie alle eint ein gemeinsames Ziel: der Erhalt eines lebenswerten Isselburgs, f\u00fcr die heute lebenden Generationen und die kommenden. Wir alle sehen uns in einer gro\u00dfen Verantwortung f\u00fcr uns, unsere Kinder und deren Kinder und Kindeskinder. Unsere sch\u00f6ne Heimat muss erhalten bleiben und darf nicht den kommerziellen Interessen verschiedener Firmen und Konzerne zum Opfer fallen, die unsere Region ausbeuten und dann weiterziehen.<\/p>\n<p>Wir sind also nicht gegen etwas, sondern wir setzen uns f\u00fcr den Erhalt unserer Heimat ein. Wir betrachten den Mega-Kiesabbau, eine 380Kv-H\u00f6chstspannungsleitung und das Gewinnen unkonventionellen Erdgases (\u201eFracking\u201c) f\u00fcr Unrecht. Bertold Brecht schrieb dazu: \u201eWenn aus Unrecht Recht wird, wird Widerstand zur Pflicht\u201c. F\u00fcr uns ist dieser Widerstand zur Pflicht geworden, denn wir f\u00fchlen uns den heute lebenden Menschen, den kommenden Generationen, den Tieren und Pflanzen, der Natur und unserer Heimat verbunden und damit verpflichtet sie zu erhalten.<\/p>\n<p>Isselburg21 ist parteipolitisch v\u00f6llig neutral. Wir sprechen mit Vertretern aller Parteien, aber wir lassen uns vor keinen parteipolitischen Karren spannen. Dass wir parteipolitisch neutral sind, bedeutet nicht, dass wir unpolitisch sind. Im Gegenteil: durch die Gr\u00fcndung von Isselburg21 und die verschiedenen Informationsveranstaltungen im Fr\u00fchjahr 2012 haben wir die Politik aufger\u00fcttelt. Gemeinsame, fraktions\u00fcbergreifend und einstimmig abgegebene Absichtserkl\u00e4rungen gegen weitere Auskiesungen oder die 380Kv-H\u00f6chstspannungsleitung sind kein Zufall! Wir werden weiterhin gut mit dem B\u00fcrgermeister, der Verwaltung und dem Rat der Stadt Isselburg, aber auch mit dem Landrat und dem Kreistag Borken, der Landesregierung NRW und der Bundesregierung kommunizieren. Wir fordern unsere Ziele ein und werden, da wo es n\u00f6tig und angemessen ist, auch Missst\u00e4nde anprangern.<\/p>\n<p>Unsere drei wichtigsten Ziele sind:<\/p>\n<ul>\n<li>Keine weiteren Auskiesungsfl\u00e4chen im Isselburger Stadtgebiet und der benachbarten Region im westlichen M\u00fcnsterland und dem Unteren Niederrhein.<\/li>\n<li>Forderung nach einem Erdkabel mit Gleichstromleitung als anwohner- und umweltfreundlichere Alternative zur 380kV-Leitung.<\/li>\n<li>Kein Gasbohren in unserer Region und ein bundesweites Verbot von Fracking.<\/li>\n<\/ul>\n<p>Wir setzen uns f\u00fcr den Erhalt unserer Region und unsere Heimat ein. Wir wollen auch k\u00fcnftigen Generationen ein lebenswertes Isselburg \u00fcberlassen. Wir werden uns weiterhin einmischen. Von B\u00fcrgern f\u00fcr B\u00fcrger. Das ist Isselburg21. Machen Sie mit! Wir brauchen jeden engagierten B\u00fcrger.<br \/>\nVielen Dank!<\/p>\n","protected":false},"excerpt":{"rendered":"<p>Isselburg21 e.V. F\u00fcr ein lebenswertes Isselburg! F\u00fcr eine liebenswerte Region! Die B\u00fcrgerinitiative Isselburg21 e.V. wurde offiziell am 19.04.2012 gegr\u00fcndet. An<\/p>\n","protected":false},"author":1,"featured_media":0,"parent":0,"menu_order":0,"comment_status":"closed","ping_status":"closed","template":"","meta":{"advanced_seo_description":"","jetpack_seo_html_title":"","jetpack_seo_noindex":false,"jetpack_post_was_ever_published":false,"footnotes":""},"class_list":["post-32","page","type-page","status-publish","hentry"],"jetpack_sharing_enabled":true,"jetpack_shortlink":"https:\/\/wp.me\/P9yksG-w","jetpack_likes_enabled":true,"jetpack-related-posts":[{"id":30,"url":"https:\/\/isselburg21.de\/?page_id=30","url_meta":{"origin":32,"position":0},"title":"Auskiesung","date":"11. Januar 2018","format":false,"excerpt":"Seit unserer Vereinsgr\u00fcndung sprechen wir uns deutlich gegen die Auskiesungsfl\u00e4chen im Stadtgebiet von Isselburg aus. Das Kieswerk in Werth ist seit Jahren in Betrieb und ist immer wieder vergr\u00f6\u00dfert worden. Das Kieswerk Breels wurde 2013 er\u00f6ffnet und aktuell wartet der Betreiber auf die Genehmigung einer Erweiterung. Die B\u00fcrgerinitiative Isselburg21 e.V.\u2026","rel":"","context":"\u00c4hnlicher Beitrag","img":{"alt_text":"","src":"https:\/\/i0.wp.com\/wordpress.isselburg21.de\/wp-content\/uploads\/2018\/01\/Falsch-Richtig.jpg?resize=350%2C200","width":350,"height":200},"classes":[]},{"id":29,"url":"https:\/\/isselburg21.de\/?page_id=29","url_meta":{"origin":32,"position":1},"title":"380 KV","date":"11. Januar 2018","format":false,"excerpt":"Was spricht gegen eine 380 KV Freileitung? Die Unternehmen Amprion und Tennet bauen aktuell eine Stromautobahn \/ 380 KV Freileitung mit rund 55 Meter hohen Masten. Aus der Sicht der beteiligten B\u00fcrger sprachen im Raumordnungs- und Planfeststellungsverfahren viele Gr\u00fcnde gegen die geplante Freileitung. Diese Gr\u00fcnde haben die B\u00fcrger in D\u2026","rel":"","context":"\u00c4hnlicher Beitrag","img":{"alt_text":"","src":"","width":0,"height":0},"classes":[]},{"id":89,"url":"https:\/\/isselburg21.de\/?page_id=89","url_meta":{"origin":32,"position":2},"title":"Impressum","date":"11. Januar 2018","format":false,"excerpt":"Impressum\/Kontakt: B\u00fcrgerinitiative Isselburg21 e.V. Vorsitzender: Reinhold K\u00fchne, Hahnerfeld 9, 46419 Isselburg-Anholt Ansprechpartner f\u00fcr die webseite: Detlev Alstede, Hahnerfeld 1c, 46419 Isselburg-Anholt email: info(at)isselburg21.de www.isselburg21.de Haftung f\u00fcr Inhalte Die Inhalte unserer Seiten wurden mit gr\u00f6\u00dfter Sorgfalt erstellt.\u00a0 F\u00fcr die Richtigkeit, Vollst\u00e4ndigkeit und Aktualit\u00e4t der Inhalte\u00a0 k\u00f6nnen wir jedoch keine Gew\u00e4hr \u00fcbernehmen.\u2026","rel":"","context":"\u00c4hnlicher Beitrag","img":{"alt_text":"","src":"","width":0,"height":0},"classes":[]},{"id":31,"url":"https:\/\/isselburg21.de\/?page_id=31","url_meta":{"origin":32,"position":3},"title":"Fracking","date":"11. Januar 2018","format":false,"excerpt":"Fracking - Was ist das? Die Initiative Gegen-Gasbohren.de schreibt folgendes zum Thema Fracking: \u201cDie Erdgassuche in Deutschland ist mit Risiken f\u00fcr Mensch und Natur verbunden!\u20ac\u00a6 Die\u00a0Kontaminierung von Grund- und Trinkwasser,\u00a0brennende Wasserh\u00e4hne, Luftverschmutzung, ungekl\u00e4rte Entsorgung von Abf\u00e4llen, Erdbeben und\u00a0 Bergsch\u00e4den sowie eine zunehmende Industrialisierung von Landschaften wird weltweit mit dem Ausbau\u2026","rel":"","context":"\u00c4hnlicher Beitrag","img":{"alt_text":"","src":"https:\/\/i0.wp.com\/wordpress.isselburg21.de\/wp-content\/uploads\/2016\/11\/fracking-ia.jpg?resize=350%2C200","width":350,"height":200},"classes":[]}],"_links":{"self":[{"href":"https:\/\/isselburg21.de\/index.php?rest_route=\/wp\/v2\/pages\/32"}],"collection":[{"href":"https:\/\/isselburg21.de\/index.php?rest_route=\/wp\/v2\/pages"}],"about":[{"href":"https:\/\/isselburg21.de\/index.php?rest_route=\/wp\/v2\/types\/page"}],"author":[{"embeddable":true,"href":"https:\/\/isselburg21.de\/index.php?rest_route=\/wp\/v2\/users\/1"}],"replies":[{"embeddable":true,"href":"https:\/\/isselburg21.de\/index.php?rest_route=%2Fwp%2Fv2%2Fcomments&post=32"}],"version-history":[{"count":3,"href":"https:\/\/isselburg21.de\/index.php?rest_route=\/wp\/v2\/pages\/32\/revisions"}],"predecessor-version":[{"id":45,"href":"https:\/\/isselburg21.de\/index.php?rest_route=\/wp\/v2\/pages\/32\/revisions\/45"}],"wp:attachment":[{"href":"https:\/\/isselburg21.de\/index.php?rest_route=%2Fwp%2Fv2%2Fmedia&parent=32"}],"curies":[{"name":"wp","href":"https:\/\/api.w.org\/{rel}","templated":true}]}}