{"id":89,"date":"2018-01-11T20:25:29","date_gmt":"2018-01-11T20:25:29","guid":{"rendered":"http:\/\/wordpress.isselburg21.de\/?page_id=89"},"modified":"2018-01-11T20:26:58","modified_gmt":"2018-01-11T20:26:58","slug":"impressum","status":"publish","type":"page","link":"https:\/\/isselburg21.de\/?page_id=89","title":{"rendered":"Impressum"},"content":{"rendered":"<p><b>Impressum\/Kontak<\/b>t:<br \/>\n<b>B\u00fcrgerinitiative Isselburg21 e.V.<br \/>\n<\/b>Vorsitzender: Reinhold K\u00fchne, Hahnerfeld 9, 46419 Isselburg-Anholt<br \/>\nAnsprechpartner f\u00fcr die webseite: Detlev Alstede, Hahnerfeld 1c, 46419 Isselburg-Anholt<br \/>\nemail: info(at)isselburg21.de<br \/>\nwww.isselburg21.de<\/p>\n<p><b>Haftung f\u00fcr Inhalte<br \/>\n<\/b>Die Inhalte unserer Seiten wurden mit gr\u00f6\u00dfter Sorgfalt erstellt.\u00a0 F\u00fcr die Richtigkeit, Vollst\u00e4ndigkeit und Aktualit\u00e4t der Inhalte\u00a0 k\u00f6nnen wir jedoch keine Gew\u00e4hr \u00fcbernehmen. Als Diensteanbieter sind wir gem\u00e4\u00df \u00c2\u00a7 7 Abs.1 TMG f\u00fcr\u00a0 eigene Inhalte auf diesen Seiten nach den allgemeinen Gesetzen verantwortlich.\u00a0 Nach \u00a7\u00a7 8 bis 10 TMG sind wir als Diensteanbieter jedoch nicht\u00a0 verpflichtet, \u00fcbermittelte oder gespeicherte fremde Informationen zu\u00a0 \u00fcberwachen oder nach Umst\u00e4nden zu forschen, die auf eine rechtswidrige\u00a0 T\u00e4tigkeit hinweisen. Verpflichtungen zur Entfernung oder Sperrung der\u00a0 Nutzung von Informationen nach den allgemeinen Gesetzen bleiben hiervon\u00a0 unber\u00fchrt. Eine diesbez\u00fcgliche Haftung ist jedoch erst ab dem\u00a0 Zeitpunkt der Kenntnis einer konkreten Rechtsverletzung m\u00f6glich. Bei\u00a0 Bekanntwerden von entsprechenden Rechtsverletzungen werden wir diese Inhalte\u00a0 umgehend entfernen.<\/p>\n<p><b>Haftung f\u00fcr Links<br \/>\n<\/b>Unser Angebot enth\u00e4lt Links zu externen Webseiten Dritter, auf deren\u00a0 Inhalte wir keinen Einfluss haben. Deshalb k\u00f6nnen wir f\u00fcr diese\u00a0 fremden Inhalte auch keine Gew\u00e4hr \u00fcbernehmen. F\u00fcr die Inhalte\u00a0 der verlinkten Seiten ist stets der jeweilige Anbieter oder Betreiber der\u00a0 Seiten verantwortlich. Die verlinkten Seiten wurden zum Zeitpunkt der Verlinkung\u00a0 auf m\u00f6gliche Rechtsverst\u00f6\u00dfe \u00fcberpr\u00fcft. Rechtswidrige\u00a0 Inhalte waren zum Zeitpunkt der Verlinkung nicht erkennbar. Eine permanente\u00a0 inhaltliche Kontrolle der verlinkten Seiten ist jedoch ohne konkrete Anhaltspunkte\u00a0 einer Rechtsverletzung nicht zumutbar. Bei Bekanntwerden von Rechtsverletzungen\u00a0 werden wir derartige Links umgehend entfernen.<\/p>\n<p><b>Urheberrecht<br \/>\n<\/b>Die durch die Seitenbetreiber erstellten Inhalte und Werke auf\u00a0 diesen Seiten\u00a0 unterliegen dem deutschen Urheberrecht. Die Vervielf\u00e4ltigung,\u00a0 Bearbeitung, Verbreitung und\u00a0 jede Art der Verwertung au\u00dferhalb der Grenzen des Urheberrechtes\u00a0 bed\u00fcrfen\u00a0 der schriftlichen Zustimmung des jeweiligen Autors bzw.\u00a0 Erstellers. Downloads\u00a0 und Kopien dieser Seite sind nur f\u00fcr den privaten, nicht\u00a0 kommerziellen\u00a0 Gebrauch gestattet. Soweit die Inhalte auf dieser Seite nicht vom\u00a0 Betreiber erstellt wurden,\u00a0 werden die Urheberrechte Dritter beachtet. Insbesondere werden\u00a0 Inhalte Dritter als solche\u00a0 gekennzeichnet. Sollten Sie trotzdem auf eine\u00a0 Urheberrechtsverletzung aufmerksam werden, bitten wir um einen\u00a0 entsprechenden Hinweis.\u00a0 Bei Bekanntwerden von Rechtsverletzungen werden wir derartige\u00a0 Inhalte umgehend entfernen.<\/p>\n<p><b>Datenschutz<br \/>\n<\/b>Die Nutzung unserer Webseite ist in der Regel ohne Angabe\u00a0 personenbezogener Daten m\u00f6glich. Soweit auf unseren Seiten\u00a0 personenbezogene Daten (beispielsweise Name,\u00a0 Anschrift oder eMail-Adressen) erhoben werden, erfolgt dies,\u00a0 soweit m\u00f6glich, stets auf freiwilliger Basis. Diese Daten werden ohne\u00a0 Ihre ausdr\u00fcckliche Zustimmung nicht an Dritte weitergegeben.<\/p>\n<p>Wir weisen darauf hin, dass die Daten\u00fcbertragung im Internet (z.B.\u00a0 bei der Kommunikation per E-Mail) Sicherheitsl\u00fccken aufweisen kann.\u00a0 Ein l\u00fcckenloser Schutz der Daten vor dem Zugriff durch Dritte ist nicht\u00a0 m\u00f6glich.<\/p>\n<p>Der Nutzung von im Rahmen der Impressumspflicht ver\u00f6ffentlichten Kontaktdaten\u00a0 durch Dritte zur \u00dcbersendung von nicht ausdr\u00fccklich angeforderter\u00a0 Werbung und Informationsmaterialien wird hiermit ausdr\u00fccklich widersprochen.\u00a0 Die Betreiber der Seiten behalten sich ausdr\u00fccklich rechtliche Schritte\u00a0 im Falle der unverlangten Zusendung von Werbeinformationen, etwa durch Spam-Mails, vor.<\/p>\n<p><b>Datenschutzerkl\u00e4rung f\u00fcr die Nutzung von Facebook-Plugins (Like-Button)<br \/>\n<\/b>Auf unseren Seiten sind Plugins des sozialen Netzwerks Facebook, 1601 South California Avenue, Palo Alto, CA 94304, USA integriert. Die Facebook-Plugins erkennen Sie an dem Facebook-Logo oder dem &#8222;Like-Button&#8220; (&#8222;Gef\u00e4llt mir&#8220;) auf unserer Seite. Eine \u00dcbersicht \u00fcber die Facebook-Plugins finden Sie hier:<a href=\"http:\/\/developers.facebook.com\/docs\/plugins\/\" target=\"_blank\" rel=\"noopener\">http:\/\/developers.facebook.com\/docs\/plugins\/<\/a>.<br \/>\nWenn Sie unsere Seiten besuchen, wird \u00fcber das Plugin eine direkte Verbindung zwischen Ihrem Browser und dem Facebook-Server hergestellt. Facebook erh\u00e4lt dadurch die Information, dass Sie mit Ihrer IP-Adresse unsere Seite besucht haben. Wenn Sie den Facebook &#8222;Like-Button&#8220; anklicken w\u00e4hrend Sie in Ihrem Facebook-Account eingeloggt sind, k\u00f6nnen Sie die Inhalte unserer Seiten auf Ihrem Facebook-Profil verlinken. Dadurch kann Facebook den Besuch unserer Seiten Ihrem Benutzerkonto zuordnen. Wir weisen darauf hin, dass wir als Anbieter der Seiten keine Kenntnis vom Inhalt der \u00fcbermittelten Daten sowie deren Nutzung durch Facebook erhalten. Weitere Informationen hierzu finden Sie in der Datenschutzerkl\u00e4rung von facebook unter<a href=\"http:\/\/de-de.facebook.com\/policy.php\" target=\"_blank\" rel=\"noopener\">\u00a0http:\/\/de-de.facebook.com\/policy.php<\/a><\/p>\n<p>Wenn Sie nicht w\u00fcnschen, dass Facebook den Besuch unserer Seiten Ihrem\u00a0 Facebook-Nutzerkonto zuordnen kann, loggen Sie sich bitte aus Ihrem Facebook-Benutzerkonto aus.<\/p>\n<p><i>Quellenangaben:\u00a0<a href=\"http:\/\/www.e-recht24.de\/muster-disclaimer.htm\" target=\"_blank\" rel=\"noopener\">Disclaimer eRecht24<\/a>,\u00a0<a href=\"http:\/\/www.e-recht24.de\/artikel\/datenschutz\/6590-facebook-like-button-datenschutz-disclaimer.html\" target=\"_blank\" rel=\"noopener\">eRecht24 Facebook Datenschutzerkl\u00e4rung<\/a><\/i><\/p>\n","protected":false},"excerpt":{"rendered":"<p>Impressum\/Kontakt: B\u00fcrgerinitiative Isselburg21 e.V. Vorsitzender: Reinhold K\u00fchne, Hahnerfeld 9, 46419 Isselburg-Anholt Ansprechpartner f\u00fcr die webseite: Detlev Alstede, Hahnerfeld 1c, 46419<\/p>\n","protected":false},"author":1,"featured_media":0,"parent":0,"menu_order":0,"comment_status":"closed","ping_status":"closed","template":"","meta":{"advanced_seo_description":"","jetpack_seo_html_title":"","jetpack_seo_noindex":false,"jetpack_post_was_ever_published":false,"footnotes":""},"class_list":["post-89","page","type-page","status-publish","hentry"],"jetpack_sharing_enabled":true,"jetpack_shortlink":"https:\/\/wp.me\/P9yksG-1r","jetpack_likes_enabled":true,"jetpack-related-posts":[{"id":30,"url":"https:\/\/isselburg21.de\/?page_id=30","url_meta":{"origin":89,"position":0},"title":"Auskiesung","date":"11. Januar 2018","format":false,"excerpt":"Seit unserer Vereinsgr\u00fcndung sprechen wir uns deutlich gegen die Auskiesungsfl\u00e4chen im Stadtgebiet von Isselburg aus. Das Kieswerk in Werth ist seit Jahren in Betrieb und ist immer wieder vergr\u00f6\u00dfert worden. Das Kieswerk Breels wurde 2013 er\u00f6ffnet und aktuell wartet der Betreiber auf die Genehmigung einer Erweiterung. Die B\u00fcrgerinitiative Isselburg21 e.V.\u2026","rel":"","context":"\u00c4hnlicher Beitrag","img":{"alt_text":"","src":"https:\/\/i0.wp.com\/wordpress.isselburg21.de\/wp-content\/uploads\/2018\/01\/Falsch-Richtig.jpg?resize=350%2C200","width":350,"height":200},"classes":[]},{"id":32,"url":"https:\/\/isselburg21.de\/?page_id=32","url_meta":{"origin":89,"position":1},"title":"\u00dcber uns","date":"11. Januar 2018","format":false,"excerpt":"Isselburg21 e.V. F\u00fcr ein lebenswertes Isselburg! F\u00fcr eine liebenswerte Region! Die B\u00fcrgerinitiative Isselburg21 e.V. wurde offiziell am 19.04.2012 gegr\u00fcndet. An der Gr\u00fcndungsversammlung in der Gastst\u00e4tte \u201eBr\u00fcggenh\u00fctte\u201c nahmen rund 130 interessierte B\u00fcrgerinnen und B\u00fcrger teil. Isselburg21 ist eine B\u00fcrgerinitiative, die sich aus der Gesellschaft entwickelt hat und deren Mitglieder unterschiedlicher kaum\u2026","rel":"","context":"\u00c4hnlicher Beitrag","img":{"alt_text":"","src":"","width":0,"height":0},"classes":[]},{"id":31,"url":"https:\/\/isselburg21.de\/?page_id=31","url_meta":{"origin":89,"position":2},"title":"Fracking","date":"11. Januar 2018","format":false,"excerpt":"Fracking - Was ist das? Die Initiative Gegen-Gasbohren.de schreibt folgendes zum Thema Fracking: \u201cDie Erdgassuche in Deutschland ist mit Risiken f\u00fcr Mensch und Natur verbunden!\u20ac\u00a6 Die\u00a0Kontaminierung von Grund- und Trinkwasser,\u00a0brennende Wasserh\u00e4hne, Luftverschmutzung, ungekl\u00e4rte Entsorgung von Abf\u00e4llen, Erdbeben und\u00a0 Bergsch\u00e4den sowie eine zunehmende Industrialisierung von Landschaften wird weltweit mit dem Ausbau\u2026","rel":"","context":"\u00c4hnlicher Beitrag","img":{"alt_text":"","src":"https:\/\/i0.wp.com\/wordpress.isselburg21.de\/wp-content\/uploads\/2016\/11\/fracking-ia.jpg?resize=350%2C200","width":350,"height":200},"classes":[]},{"id":29,"url":"https:\/\/isselburg21.de\/?page_id=29","url_meta":{"origin":89,"position":3},"title":"380 KV","date":"11. Januar 2018","format":false,"excerpt":"Was spricht gegen eine 380 KV Freileitung? Die Unternehmen Amprion und Tennet bauen aktuell eine Stromautobahn \/ 380 KV Freileitung mit rund 55 Meter hohen Masten. Aus der Sicht der beteiligten B\u00fcrger sprachen im Raumordnungs- und Planfeststellungsverfahren viele Gr\u00fcnde gegen die geplante Freileitung. Diese Gr\u00fcnde haben die B\u00fcrger in D\u2026","rel":"","context":"\u00c4hnlicher Beitrag","img":{"alt_text":"","src":"","width":0,"height":0},"classes":[]}],"_links":{"self":[{"href":"https:\/\/isselburg21.de\/index.php?rest_route=\/wp\/v2\/pages\/89"}],"collection":[{"href":"https:\/\/isselburg21.de\/index.php?rest_route=\/wp\/v2\/pages"}],"about":[{"href":"https:\/\/isselburg21.de\/index.php?rest_route=\/wp\/v2\/types\/page"}],"author":[{"embeddable":true,"href":"https:\/\/isselburg21.de\/index.php?rest_route=\/wp\/v2\/users\/1"}],"replies":[{"embeddable":true,"href":"https:\/\/isselburg21.de\/index.php?rest_route=%2Fwp%2Fv2%2Fcomments&post=89"}],"version-history":[{"count":2,"href":"https:\/\/isselburg21.de\/index.php?rest_route=\/wp\/v2\/pages\/89\/revisions"}],"predecessor-version":[{"id":92,"href":"https:\/\/isselburg21.de\/index.php?rest_route=\/wp\/v2\/pages\/89\/revisions\/92"}],"wp:attachment":[{"href":"https:\/\/isselburg21.de\/index.php?rest_route=%2Fwp%2Fv2%2Fmedia&parent=89"}],"curies":[{"name":"wp","href":"https:\/\/api.w.org\/{rel}","templated":true}]}}